{"id":101,"date":"2024-06-21T13:44:29","date_gmt":"2024-06-21T13:44:29","guid":{"rendered":"https:\/\/www.elcaprichodelalamo.com\/index.php\/home\/"},"modified":"2026-04-20T07:06:13","modified_gmt":"2026-04-20T07:06:13","slug":"home","status":"publish","type":"page","link":"https:\/\/www.elcaprichodelalamo.com\/","title":{"rendered":"Home"},"content":{"rendered":"\t\t<div data-elementor-type=\"wp-page\" data-elementor-id=\"101\" class=\"elementor elementor-101\" data-elementor-post-type=\"page\">\n\t\t\t\t<div class=\"elementor-element elementor-element-f3d8130 e-flex e-con-boxed e-con e-parent\" data-id=\"f3d8130\" data-element_type=\"container\" data-e-type=\"container\">\n\t\t\t\t\t<div class=\"e-con-inner\">\n\t\t\t\t<div class=\"elementor-element elementor-element-cb1947d elementor-widget elementor-widget-spacer\" data-id=\"cb1947d\" data-element_type=\"widget\" data-e-type=\"widget\" data-widget_type=\"spacer.default\">\n\t\t\t\t<div class=\"elementor-widget-container\">\n\t\t\t\t\t\t\t<div class=\"elementor-spacer\">\n\t\t\t<div class=\"elementor-spacer-inner\"><\/div>\n\t\t<\/div>\n\t\t\t\t\t\t<\/div>\n\t\t\t\t<\/div>\n\t\t\t\t<div class=\"elementor-element elementor-element-3af065c elementor-widget elementor-widget-spacer\" data-id=\"3af065c\" data-element_type=\"widget\" data-e-type=\"widget\" data-widget_type=\"spacer.default\">\n\t\t\t\t<div class=\"elementor-widget-container\">\n\t\t\t\t\t\t\t<div class=\"elementor-spacer\">\n\t\t\t<div class=\"elementor-spacer-inner\"><\/div>\n\t\t<\/div>\n\t\t\t\t\t\t<\/div>\n\t\t\t\t<\/div>\n\t\t\t\t<div class=\"elementor-element elementor-element-33a8ac5 elementor-widget elementor-widget-spacer\" data-id=\"33a8ac5\" data-element_type=\"widget\" data-e-type=\"widget\" data-widget_type=\"spacer.default\">\n\t\t\t\t<div class=\"elementor-widget-container\">\n\t\t\t\t\t\t\t<div class=\"elementor-spacer\">\n\t\t\t<div class=\"elementor-spacer-inner\"><\/div>\n\t\t<\/div>\n\t\t\t\t\t\t<\/div>\n\t\t\t\t<\/div>\n\t\t\t\t\t<\/div>\n\t\t\t\t<\/div>\n\t\t<div class=\"elementor-element elementor-element-3512c72 e-con-full e-flex e-con e-parent\" data-id=\"3512c72\" data-element_type=\"container\" data-e-type=\"container\">\n\t\t\t\t<\/div>\n\t\t<div class=\"elementor-element elementor-element-5a46e67 e-flex e-con-boxed e-con e-parent\" data-id=\"5a46e67\" data-element_type=\"container\" data-e-type=\"container\">\n\t\t\t\t\t<div class=\"e-con-inner\">\n\t\t\t\t\t<\/div>\n\t\t\t\t<\/div>\n\t\t<div class=\"elementor-element elementor-element-3d5af49 e-flex e-con-boxed e-con e-parent\" data-id=\"3d5af49\" data-element_type=\"container\" data-e-type=\"container\">\n\t\t\t\t\t<div class=\"e-con-inner\">\n\t\t\t\t<div class=\"elementor-element elementor-element-cc67a79 elementor-widget elementor-widget-html\" data-id=\"cc67a79\" data-element_type=\"widget\" data-e-type=\"widget\" data-widget_type=\"html.default\">\n\t\t\t\t<div class=\"elementor-widget-container\">\n\t\t\t\t\t<div class=\"capricho-main-container\">\n    <section class=\"capricho-seo-section\">\n        <h2 class=\"capricho-title\">El Capricho del \u00c1lamo<\/h2>\n        \n        <h3 class=\"capricho-subtitle\">Restaurante en El \u00c1lamo, Madrid<\/h3>\n        \n        <div class=\"capricho-content-text\">\n            <p>Desde nuestra fundaci\u00f3n en <strong>2001<\/strong>, <strong>El Capricho del \u00c1lamo<\/strong> se ha consolidado como el referente gastron\u00f3mico de la <em>Plaza de la Constituci\u00f3n<\/em>. Somos una casa de comidas donde la tradici\u00f3n se une a un espacio renovado para ofrecer la mejor experiencia en el coraz\u00f3n del municipio.<\/p>\n            \n            <p>Si buscas <strong>d\u00f3nde comer en El \u00c1lamo<\/strong>, nuestro sal\u00f3n y terrazas ofrecen el ambiente perfecto para disfrutar de un <strong>men\u00fa del d\u00eda de calidad<\/strong>, desayunos completos o celebraciones especiales.<\/p>\n        <\/div>\n\n        <div class=\"capricho-button-container\">\n            <a href=\"tel:+34918104452\" class=\"capricho-btn-call\">Reservar mesa<\/a>\n            \n            <a href=\"https:\/\/www.instagram.com\/elcaprichoalamo?utm_source=ig_web_button_share_sheet&igsh=ZDNlZDc0MzIxNw==\" \n               target=\"_blank\" \n               rel=\"noopener noreferrer\" \n               class=\"capricho-btn-call\">Instagram<\/a>\n        <\/div>\n        \n        <div class=\"capricho-keywords\">\n            <span>Cocina Casera<\/span> \u2022 <span>Men\u00fa Diario<\/span> \u2022 <span>Terraza<\/span> \u2022 <span>El \u00c1lamo<\/span>\n        <\/div>\n    <\/section>\n<\/div>\t\t\t\t<\/div>\n\t\t\t\t<\/div>\n\t\t\t\t<div class=\"elementor-element elementor-element-e095a1c elementor-widget elementor-widget-spacer\" data-id=\"e095a1c\" data-element_type=\"widget\" data-e-type=\"widget\" data-widget_type=\"spacer.default\">\n\t\t\t\t<div class=\"elementor-widget-container\">\n\t\t\t\t\t\t\t<div class=\"elementor-spacer\">\n\t\t\t<div class=\"elementor-spacer-inner\"><\/div>\n\t\t<\/div>\n\t\t\t\t\t\t<\/div>\n\t\t\t\t<\/div>\n\t\t\t\t\t<\/div>\n\t\t\t\t<\/div>\n\t\t<div class=\"elementor-element elementor-element-eb32801 e-flex e-con-boxed e-con e-parent\" data-id=\"eb32801\" data-element_type=\"container\" data-e-type=\"container\">\n\t\t\t\t\t<div class=\"e-con-inner\">\n\t\t\t\t<div class=\"elementor-element elementor-element-6c461f9 elementor-widget elementor-widget-heading\" data-id=\"6c461f9\" data-element_type=\"widget\" data-e-type=\"widget\" data-widget_type=\"heading.default\">\n\t\t\t\t<div class=\"elementor-widget-container\">\n\t\t\t\t\t<h1 class=\"elementor-heading-title elementor-size-default\">Nuestra ubicaci\u00f3n<\/h1>\t\t\t\t<\/div>\n\t\t\t\t<\/div>\n\t\t\t\t<div class=\"elementor-element elementor-element-29e93e4 elementor-widget elementor-widget-google_maps\" data-id=\"29e93e4\" data-element_type=\"widget\" data-e-type=\"widget\" data-widget_type=\"google_maps.default\">\n\t\t\t\t<div class=\"elementor-widget-container\">\n\t\t\t\t\t\t\t<div class=\"elementor-custom-embed\">\n\t\t\t<iframe loading=\"lazy\"\n\t\t\t\t\tsrc=\"https:\/\/maps.google.com\/maps?q=Bar%20el%20capricho%2C%20El%20Alamo&#038;t=m&#038;z=16&#038;output=embed&#038;iwloc=near\"\n\t\t\t\t\ttitle=\"Bar el capricho, El Alamo\"\n\t\t\t\t\taria-label=\"Bar el capricho, El Alamo\"\n\t\t\t><\/iframe>\n\t\t<\/div>\n\t\t\t\t\t\t<\/div>\n\t\t\t\t<\/div>\n\t\t\t\t\t<\/div>\n\t\t\t\t<\/div>\n\t\t<div class=\"elementor-element elementor-element-2b16870b e-con-full e-flex e-con e-parent\" data-id=\"2b16870b\" data-element_type=\"container\" data-e-type=\"container\" data-settings=\"{&quot;background_background&quot;:&quot;classic&quot;}\">\n\t\t<div class=\"elementor-element elementor-element-184cea30 e-con-full e-flex e-con e-child\" data-id=\"184cea30\" data-element_type=\"container\" data-e-type=\"container\">\n\t\t\t\t<div class=\"elementor-element elementor-element-61dc3d75 elementor-widget elementor-widget-heading\" data-id=\"61dc3d75\" data-element_type=\"widget\" data-e-type=\"widget\" data-widget_type=\"heading.default\">\n\t\t\t\t<div class=\"elementor-widget-container\">\n\t\t\t\t\t<h1 class=\"elementor-heading-title elementor-size-default\">Men\u00fa del d\u00eda<\/h1>\t\t\t\t<\/div>\n\t\t\t\t<\/div>\n\t\t\t\t<\/div>\n\t\t<div class=\"elementor-element elementor-element-60051300 e-con-full e-flex e-con e-child\" data-id=\"60051300\" data-element_type=\"container\" data-e-type=\"container\">\n\t\t\t\t<div class=\"elementor-element elementor-element-4aff91f9 elementor-widget__width-initial elementor-widget elementor-widget-text-editor\" data-id=\"4aff91f9\" data-element_type=\"widget\" data-e-type=\"widget\" data-widget_type=\"text-editor.default\">\n\t\t\t\t<div class=\"elementor-widget-container\">\n\t\t\t\t\t\t\t\t\t<p style=\"text-align: center;\">Ofrecemos un men\u00fa del d\u00eda variado de lunes a viernes a un precio de 14,00 \u20ac<\/p>\t\t\t\t\t\t\t\t<\/div>\n\t\t\t\t<\/div>\n\t\t\t\t<\/div>\n\t\t\t\t<\/div>\n\t\t<div class=\"elementor-element elementor-element-b727980 e-flex e-con-boxed e-con e-parent\" data-id=\"b727980\" data-element_type=\"container\" data-e-type=\"container\">\n\t\t\t\t\t<div class=\"e-con-inner\">\n\t\t\t\t\t<\/div>\n\t\t\t\t<\/div>\n\t\t\t\t<\/div>\n\t\t","protected":false},"excerpt":{"rendered":"<p>El Capricho del \u00c1lamo Restaurante en El \u00c1lamo, Madrid Desde nuestra fundaci\u00f3n en 2001, El Capricho del \u00c1lamo se ha consolidado como el referente gastron\u00f3mico de la Plaza de la Constituci\u00f3n. Somos una casa de comidas donde la tradici\u00f3n se une a un espacio renovado para ofrecer la mejor experiencia en el coraz\u00f3n del municipio. [&hellip;]<\/p>\n","protected":false},"author":1,"featured_media":0,"parent":0,"menu_order":0,"comment_status":"closed","ping_status":"closed","template":"elementor_header_footer","meta":{"footnotes":""},"class_list":["post-101","page","type-page","status-publish","hentry"],"yoast_head":"<!-- This site is optimized with the Yoast SEO plugin v26.9 - https:\/\/yoast.com\/product\/yoast-seo-wordpress\/ -->\n<title>Home - El Capricho del \u00c1lamo<\/title>\n<meta name=\"robots\" content=\"index, follow, max-snippet:-1, max-image-preview:large, max-video-preview:-1\" \/>\n<link rel=\"canonical\" href=\"https:\/\/www.elcaprichodelalamo.com\/\" \/>\n<meta property=\"og:locale\" content=\"es_ES\" \/>\n<meta property=\"og:type\" content=\"article\" \/>\n<meta property=\"og:title\" content=\"Home - El Capricho del \u00c1lamo\" \/>\n<meta property=\"og:description\" content=\"El Capricho del \u00c1lamo Restaurante en El \u00c1lamo, Madrid Desde nuestra fundaci\u00f3n en 2001, El Capricho del \u00c1lamo se ha consolidado como el referente gastron\u00f3mico de la Plaza de la Constituci\u00f3n. Somos una casa de comidas donde la tradici\u00f3n se une a un espacio renovado para ofrecer la mejor experiencia en el coraz\u00f3n del municipio. [&hellip;]\" \/>\n<meta property=\"og:url\" content=\"https:\/\/www.elcaprichodelalamo.com\/\" \/>\n<meta property=\"og:site_name\" content=\"El Capricho del \u00c1lamo\" \/>\n<meta property=\"article:modified_time\" content=\"2026-04-20T07:06:13+00:00\" \/>\n<meta property=\"og:image\" content=\"https:\/\/www.elcaprichodelalamo.com\/wp-content\/uploads\/2024\/07\/Terraza-scaled.webp\" \/>\n\t<meta property=\"og:image:width\" content=\"1920\" \/>\n\t<meta property=\"og:image:height\" content=\"1280\" \/>\n\t<meta property=\"og:image:type\" content=\"image\/webp\" \/>\n<meta name=\"twitter:card\" content=\"summary_large_image\" \/>\n<meta name=\"twitter:label1\" content=\"Tiempo de lectura\" \/>\n\t<meta name=\"twitter:data1\" content=\"1 minuto\" \/>\n<script type=\"application\/ld+json\" class=\"yoast-schema-graph\">{\"@context\":\"https:\/\/schema.org\",\"@graph\":[{\"@type\":\"WebPage\",\"@id\":\"https:\/\/www.elcaprichodelalamo.com\/\",\"url\":\"https:\/\/www.elcaprichodelalamo.com\/\",\"name\":\"Home - El Capricho del \u00c1lamo\",\"isPartOf\":{\"@id\":\"https:\/\/www.elcaprichodelalamo.com\/#website\"},\"datePublished\":\"2024-06-21T13:44:29+00:00\",\"dateModified\":\"2026-04-20T07:06:13+00:00\",\"breadcrumb\":{\"@id\":\"https:\/\/www.elcaprichodelalamo.com\/#breadcrumb\"},\"inLanguage\":\"es\",\"potentialAction\":[{\"@type\":\"ReadAction\",\"target\":[\"https:\/\/www.elcaprichodelalamo.com\/\"]}]},{\"@type\":\"BreadcrumbList\",\"@id\":\"https:\/\/www.elcaprichodelalamo.com\/#breadcrumb\",\"itemListElement\":[{\"@type\":\"ListItem\",\"position\":1,\"name\":\"Portada\",\"item\":\"https:\/\/www.elcaprichodelalamo.com\/\"},{\"@type\":\"ListItem\",\"position\":2,\"name\":\"Home\"}]},{\"@type\":\"WebSite\",\"@id\":\"https:\/\/www.elcaprichodelalamo.com\/#website\",\"url\":\"https:\/\/www.elcaprichodelalamo.com\/\",\"name\":\"El Capricho del \u00c1lamo\",\"description\":\"Tu sitio favorito sin salir de El \u00c1lamo. Comida casera para todos los gustos. Terraza y carpa con calefaccion y nebulizadores\",\"publisher\":{\"@id\":\"https:\/\/www.elcaprichodelalamo.com\/#organization\"},\"alternateName\":\"El Capricho\",\"potentialAction\":[{\"@type\":\"SearchAction\",\"target\":{\"@type\":\"EntryPoint\",\"urlTemplate\":\"https:\/\/www.elcaprichodelalamo.com\/?s={search_term_string}\"},\"query-input\":{\"@type\":\"PropertyValueSpecification\",\"valueRequired\":true,\"valueName\":\"search_term_string\"}}],\"inLanguage\":\"es\"},{\"@type\":\"Organization\",\"@id\":\"https:\/\/www.elcaprichodelalamo.com\/#organization\",\"name\":\"El Capricho del \u00c1lamo\",\"url\":\"https:\/\/www.elcaprichodelalamo.com\/\",\"logo\":{\"@type\":\"ImageObject\",\"inLanguage\":\"es\",\"@id\":\"https:\/\/www.elcaprichodelalamo.com\/#\/schema\/logo\/image\/\",\"url\":\"https:\/\/www.elcaprichodelalamo.com\/wp-content\/uploads\/2024\/09\/cropped-LOGO-EL-CAPRICHO-CON-DATOS-AZUL.png\",\"contentUrl\":\"https:\/\/www.elcaprichodelalamo.com\/wp-content\/uploads\/2024\/09\/cropped-LOGO-EL-CAPRICHO-CON-DATOS-AZUL.png\",\"width\":512,\"height\":512,\"caption\":\"El Capricho del \u00c1lamo\"},\"image\":{\"@id\":\"https:\/\/www.elcaprichodelalamo.com\/#\/schema\/logo\/image\/\"},\"sameAs\":[\"https:\/\/www.instagram.com\/elcaprichoalamo\/\"]}]}<\/script>\n<!-- \/ Yoast SEO plugin. -->","yoast_head_json":{"title":"Home - El Capricho del \u00c1lamo","robots":{"index":"index","follow":"follow","max-snippet":"max-snippet:-1","max-image-preview":"max-image-preview:large","max-video-preview":"max-video-preview:-1"},"canonical":"https:\/\/www.elcaprichodelalamo.com\/","og_locale":"es_ES","og_type":"article","og_title":"Home - El Capricho del \u00c1lamo","og_description":"El Capricho del \u00c1lamo Restaurante en El \u00c1lamo, Madrid Desde nuestra fundaci\u00f3n en 2001, El Capricho del \u00c1lamo se ha consolidado como el referente gastron\u00f3mico de la Plaza de la Constituci\u00f3n. Somos una casa de comidas donde la tradici\u00f3n se une a un espacio renovado para ofrecer la mejor experiencia en el coraz\u00f3n del municipio. [&hellip;]","og_url":"https:\/\/www.elcaprichodelalamo.com\/","og_site_name":"El Capricho del \u00c1lamo","article_modified_time":"2026-04-20T07:06:13+00:00","og_image":[{"width":1920,"height":1280,"url":"https:\/\/www.elcaprichodelalamo.com\/wp-content\/uploads\/2024\/07\/Terraza-scaled.webp","type":"image\/webp"}],"twitter_card":"summary_large_image","twitter_misc":{"Tiempo de lectura":"1 minuto"},"schema":{"@context":"https:\/\/schema.org","@graph":[{"@type":"WebPage","@id":"https:\/\/www.elcaprichodelalamo.com\/","url":"https:\/\/www.elcaprichodelalamo.com\/","name":"Home - El Capricho del \u00c1lamo","isPartOf":{"@id":"https:\/\/www.elcaprichodelalamo.com\/#website"},"datePublished":"2024-06-21T13:44:29+00:00","dateModified":"2026-04-20T07:06:13+00:00","breadcrumb":{"@id":"https:\/\/www.elcaprichodelalamo.com\/#breadcrumb"},"inLanguage":"es","potentialAction":[{"@type":"ReadAction","target":["https:\/\/www.elcaprichodelalamo.com\/"]}]},{"@type":"BreadcrumbList","@id":"https:\/\/www.elcaprichodelalamo.com\/#breadcrumb","itemListElement":[{"@type":"ListItem","position":1,"name":"Portada","item":"https:\/\/www.elcaprichodelalamo.com\/"},{"@type":"ListItem","position":2,"name":"Home"}]},{"@type":"WebSite","@id":"https:\/\/www.elcaprichodelalamo.com\/#website","url":"https:\/\/www.elcaprichodelalamo.com\/","name":"El Capricho del \u00c1lamo","description":"Tu sitio favorito sin salir de El \u00c1lamo. Comida casera para todos los gustos. Terraza y carpa con calefaccion y nebulizadores","publisher":{"@id":"https:\/\/www.elcaprichodelalamo.com\/#organization"},"alternateName":"El Capricho","potentialAction":[{"@type":"SearchAction","target":{"@type":"EntryPoint","urlTemplate":"https:\/\/www.elcaprichodelalamo.com\/?s={search_term_string}"},"query-input":{"@type":"PropertyValueSpecification","valueRequired":true,"valueName":"search_term_string"}}],"inLanguage":"es"},{"@type":"Organization","@id":"https:\/\/www.elcaprichodelalamo.com\/#organization","name":"El Capricho del \u00c1lamo","url":"https:\/\/www.elcaprichodelalamo.com\/","logo":{"@type":"ImageObject","inLanguage":"es","@id":"https:\/\/www.elcaprichodelalamo.com\/#\/schema\/logo\/image\/","url":"https:\/\/www.elcaprichodelalamo.com\/wp-content\/uploads\/2024\/09\/cropped-LOGO-EL-CAPRICHO-CON-DATOS-AZUL.png","contentUrl":"https:\/\/www.elcaprichodelalamo.com\/wp-content\/uploads\/2024\/09\/cropped-LOGO-EL-CAPRICHO-CON-DATOS-AZUL.png","width":512,"height":512,"caption":"El Capricho del \u00c1lamo"},"image":{"@id":"https:\/\/www.elcaprichodelalamo.com\/#\/schema\/logo\/image\/"},"sameAs":["https:\/\/www.instagram.com\/elcaprichoalamo\/"]}]}},"_links":{"self":[{"href":"https:\/\/www.elcaprichodelalamo.com\/index.php\/wp-json\/wp\/v2\/pages\/101","targetHints":{"allow":["GET"]}}],"collection":[{"href":"https:\/\/www.elcaprichodelalamo.com\/index.php\/wp-json\/wp\/v2\/pages"}],"about":[{"href":"https:\/\/www.elcaprichodelalamo.com\/index.php\/wp-json\/wp\/v2\/types\/page"}],"author":[{"embeddable":true,"href":"https:\/\/www.elcaprichodelalamo.com\/index.php\/wp-json\/wp\/v2\/users\/1"}],"replies":[{"embeddable":true,"href":"https:\/\/www.elcaprichodelalamo.com\/index.php\/wp-json\/wp\/v2\/comments?post=101"}],"version-history":[{"count":358,"href":"https:\/\/www.elcaprichodelalamo.com\/index.php\/wp-json\/wp\/v2\/pages\/101\/revisions"}],"predecessor-version":[{"id":1416,"href":"https:\/\/www.elcaprichodelalamo.com\/index.php\/wp-json\/wp\/v2\/pages\/101\/revisions\/1416"}],"wp:attachment":[{"href":"https:\/\/www.elcaprichodelalamo.com\/index.php\/wp-json\/wp\/v2\/media?parent=101"}],"curies":[{"name":"wp","href":"https:\/\/api.w.org\/{rel}","templated":true}]}}