{"id":322,"date":"2024-07-22T09:18:34","date_gmt":"2024-07-22T09:18:34","guid":{"rendered":"https:\/\/www.elcaprichodelalamo.com\/?page_id=322"},"modified":"2026-02-24T08:10:29","modified_gmt":"2026-02-24T08:10:29","slug":"desayunos","status":"publish","type":"page","link":"https:\/\/www.elcaprichodelalamo.com\/index.php\/desayunos\/","title":{"rendered":"Desayunos"},"content":{"rendered":"\t\t<div data-elementor-type=\"wp-page\" data-elementor-id=\"322\" class=\"elementor elementor-322\" data-elementor-post-type=\"page\">\n\t\t\t\t<div class=\"elementor-element elementor-element-1fc8f45 e-flex e-con-boxed e-con e-parent\" data-id=\"1fc8f45\" data-element_type=\"container\" data-e-type=\"container\" data-settings=\"{&quot;background_background&quot;:&quot;classic&quot;}\">\n\t\t\t\t\t<div class=\"e-con-inner\">\n\t\t<div class=\"elementor-element elementor-element-0d8c223 e-con-full e-flex e-con e-child\" data-id=\"0d8c223\" data-element_type=\"container\" data-e-type=\"container\" data-settings=\"{&quot;background_background&quot;:&quot;classic&quot;}\">\n\t\t\t\t<\/div>\n\t\t\t\t<div class=\"elementor-element elementor-element-7de38d4 elementor-widget elementor-widget-spacer\" data-id=\"7de38d4\" data-element_type=\"widget\" data-e-type=\"widget\" data-widget_type=\"spacer.default\">\n\t\t\t\t<div class=\"elementor-widget-container\">\n\t\t\t\t\t\t\t<div class=\"elementor-spacer\">\n\t\t\t<div class=\"elementor-spacer-inner\"><\/div>\n\t\t<\/div>\n\t\t\t\t\t\t<\/div>\n\t\t\t\t<\/div>\n\t\t\t\t<div class=\"elementor-element elementor-element-1209462 elementor-widget elementor-widget-html\" data-id=\"1209462\" data-element_type=\"widget\" data-e-type=\"widget\" data-widget_type=\"html.default\">\n\t\t\t\t<div class=\"elementor-widget-container\">\n\t\t\t\t\t<div class=\"capricho-carta-wrapper\">\n    <div class=\"carta-header\">\n        <h2 class=\"carta-principal-title\">Desayunos<\/h2>\n        <p class=\"carta-tagline\">Para empezar el d\u00eda con el mejor capricho<\/p>\n    <\/div>\n\n    <div class=\"carta-categoria\">\n        <h3 class=\"categoria-title\">Bebidas Calientes y Fr\u00edas<\/h3>\n        <div class=\"plato-row\"><span class=\"plato-name\">Caf\u00e9 o Infusi\u00f3n<\/span><span class=\"plato-dots\"><\/span><span class=\"plato-price\">1,80\u20ac<\/span><\/div>\n        <div class=\"plato-row\"><span class=\"plato-name\">Cola Cao<\/span><span class=\"plato-dots\"><\/span><span class=\"plato-price\">2\u20ac<\/span><\/div>\n        <div class=\"plato-row\"><span class=\"plato-name\">Refrescos y Batidos<\/span><span class=\"plato-dots\"><\/span><span class=\"plato-price\">3\u20ac<\/span><\/div>\n        <div class=\"plato-row\"><span class=\"plato-name\">Zumos (Melocot\u00f3n, pi\u00f1a, naranja, tomate)<\/span><span class=\"plato-dots\"><\/span><span class=\"plato-price\">3\u20ac<\/span><\/div>\n        <div class=\"plato-row destacado\"><span class=\"plato-name\">Zumo de Naranja Natural 25cl<\/span><span class=\"plato-dots\"><\/span><span class=\"plato-price\">3\u20ac<\/span><\/div>\n    <\/div>\n\n    <div class=\"carta-categoria\">\n        <h3 class=\"categoria-title\">Combos de Ma\u00f1ana<\/h3>\n        <div class=\"plato-row\"><span class=\"plato-name\">Caf\u00e9\/Infusi\u00f3n + Boller\u00eda del d\u00eda<\/span><span class=\"plato-dots\"><\/span><span class=\"plato-price\">3,5\u20ac<\/span><\/div>\n        <div class=\"plato-row\"><span class=\"plato-name\">Caf\u00e9\/Infusi\u00f3n + Croissant a la plancha<\/span><span class=\"plato-dots\"><\/span><span class=\"plato-price\">3,5\u20ac<\/span><\/div>\n        <div class=\"plato-row\"><span class=\"plato-name\">Caf\u00e9\/Infusi\u00f3n + Tostada (Aceite, tomate o mermelada)<\/span><span class=\"plato-dots\"><\/span><span class=\"plato-price\">3,5\u20ac \/ 4,5\u20ac<\/span><\/div>\n        <div class=\"plato-row destacado\"><span class=\"plato-name\">Caf\u00e9\/Infusi\u00f3n + Tostada Jam\u00f3n Ib\u00e9rico (Con tumaca)<\/span><span class=\"plato-dots\"><\/span><span class=\"plato-price\">6\u20ac \/ 10\u20ac<\/span><\/div>\n        <div class=\"plato-row destacado\"><span class=\"plato-name\">Caf\u00e9\/Infusi\u00f3n + Tostada Aguacate y Queso<\/span><span class=\"plato-dots\"><\/span><span class=\"plato-price\">6\u20ac \/ 9\u20ac<\/span><\/div>\n    <\/div>\n\n    <div class=\"carta-categoria\">\n        <h3 class=\"categoria-title\">Nuestras Tostadas<\/h3>\n        <div class=\"plato-row\"><span class=\"plato-name\">Tostada de Anchoas<\/span><span class=\"plato-dots\"><\/span><span class=\"plato-price\">5\u20ac \/ 7\u20ac<\/span><\/div>\n        <div class=\"plato-row\"><span class=\"plato-name\">Tostada de At\u00fan<\/span><span class=\"plato-dots\"><\/span><span class=\"plato-price\">5\u20ac \/ 7\u20ac<\/span><\/div>\n        <div class=\"plato-row\"><span class=\"plato-name\">Tostada de Queso Manchego<\/span><span class=\"plato-dots\"><\/span><span class=\"plato-price\">5\u20ac \/ 7\u20ac<\/span><\/div>\n        <div class=\"plato-row\"><span class=\"plato-name\">Tostada de Tortilla Francesa<\/span><span class=\"plato-dots\"><\/span><span class=\"plato-price\">5\u20ac \/ 7\u20ac<\/span><\/div>\n        <div class=\"plato-row destacado especial-box\"><span class=\"plato-name\">DESAYUNO CAPRICHO<br><small>(Caf\u00e9 + Tostada tomate, aguacate y tortilla o 2 huevos revueltos)<\/small><\/span><span class=\"plato-dots\"><\/span><span class=\"plato-price\">7\u20ac<\/span><\/div>\n    <\/div>\n\n    <div class=\"carta-categoria\">\n        <h3 class=\"categoria-title\">Para Picoteo<\/h3>\n        <div class=\"plato-row destacado\"><span class=\"plato-name\">Pincho de Tortilla<\/span><span class=\"plato-dots\"><\/span><span class=\"plato-price\">4\u20ac<\/span><\/div>\n        <div class=\"plato-row\"><span class=\"plato-name\">Croissant Mixto \/ Sandwich Mixto<\/span><span class=\"plato-dots\"><\/span><span class=\"plato-price\">3,50\u20ac<\/span><\/div>\n        <div class=\"plato-row\"><span class=\"plato-name\">Croissant de Bacon y Queso<\/span><span class=\"plato-dots\"><\/span><span class=\"plato-price\">3,80\u20ac<\/span><\/div>\n        <div class=\"plato-row destacado\"><span class=\"plato-name\">Tartas y Dulces Caseros<\/span><span class=\"plato-dots\"><\/span><span class=\"plato-price\">4,50\u20ac<\/span><\/div>\n    <\/div>\n<\/div>\t\t\t\t<\/div>\n\t\t\t\t<\/div>\n\t\t\t\t<div class=\"elementor-element elementor-element-afec9f6 elementor-arrows-position-inside elementor-pagination-position-outside elementor-widget elementor-widget-image-carousel\" data-id=\"afec9f6\" data-element_type=\"widget\" data-e-type=\"widget\" data-settings=\"{&quot;slides_to_show&quot;:&quot;1&quot;,&quot;navigation&quot;:&quot;both&quot;,&quot;autoplay&quot;:&quot;yes&quot;,&quot;pause_on_hover&quot;:&quot;yes&quot;,&quot;pause_on_interaction&quot;:&quot;yes&quot;,&quot;autoplay_speed&quot;:5000,&quot;infinite&quot;:&quot;yes&quot;,&quot;effect&quot;:&quot;slide&quot;,&quot;speed&quot;:500}\" data-widget_type=\"image-carousel.default\">\n\t\t\t\t<div class=\"elementor-widget-container\">\n\t\t\t\t\t\t\t<div class=\"elementor-image-carousel-wrapper swiper\" role=\"region\" aria-roledescription=\"carousel\" aria-label=\"Carrusel de im\u00e1genes\" dir=\"ltr\">\n\t\t\t<div class=\"elementor-image-carousel swiper-wrapper\" aria-live=\"off\">\n\t\t\t\t\t\t\t\t<div class=\"swiper-slide\" role=\"group\" aria-roledescription=\"slide\" aria-label=\"1 de 4\"><figure class=\"swiper-slide-inner\"><img decoding=\"async\" class=\"swiper-slide-image\" src=\"https:\/\/www.elcaprichodelalamo.com\/wp-content\/uploads\/elementor\/thumbs\/IMG_4642-rjfhaa9e7k3nrlpkkeroggx1gls09dforuai784rb4.jpeg\" alt=\"IMG_4642\" \/><\/figure><\/div><div class=\"swiper-slide\" role=\"group\" aria-roledescription=\"slide\" aria-label=\"2 de 4\"><figure class=\"swiper-slide-inner\"><img decoding=\"async\" class=\"swiper-slide-image\" src=\"https:\/\/www.elcaprichodelalamo.com\/wp-content\/uploads\/elementor\/thumbs\/IMG_4645-rjfh7syq6apf4nba1u64dlg91004y4l6rkbdlxt5q8.jpeg\" alt=\"IMG_4645\" \/><\/figure><\/div><div class=\"swiper-slide\" role=\"group\" aria-roledescription=\"slide\" aria-label=\"3 de 4\"><figure class=\"swiper-slide-inner\"><img decoding=\"async\" class=\"swiper-slide-image\" src=\"https:\/\/www.elcaprichodelalamo.com\/wp-content\/uploads\/elementor\/thumbs\/IMG_4927-rjfladwny7d5nie8475o7ltzy5irawia92r9tcgzeo.jpeg\" alt=\"IMG_4927\" \/><\/figure><\/div><div class=\"swiper-slide\" role=\"group\" aria-roledescription=\"slide\" aria-label=\"4 de 4\"><figure class=\"swiper-slide-inner\"><img decoding=\"async\" class=\"swiper-slide-image\" src=\"https:\/\/www.elcaprichodelalamo.com\/wp-content\/uploads\/elementor\/thumbs\/IMG_4919-rjflbwfaylfscw719uq1882qei21pcipsklfne85ds.jpeg\" alt=\"IMG_4919\" \/><\/figure><\/div>\t\t\t<\/div>\n\t\t\t\t\t\t\t\t\t\t\t\t<div class=\"elementor-swiper-button elementor-swiper-button-prev\" role=\"button\" tabindex=\"0\">\n\t\t\t\t\t\t<svg aria-hidden=\"true\" class=\"e-font-icon-svg e-eicon-chevron-left\" viewBox=\"0 0 1000 1000\" xmlns=\"http:\/\/www.w3.org\/2000\/svg\"><path d=\"M646 125C629 125 613 133 604 142L308 442C296 454 292 471 292 487 292 504 296 521 308 533L604 854C617 867 629 875 646 875 663 875 679 871 692 858 704 846 713 829 713 812 713 796 708 779 692 767L438 487 692 225C700 217 708 204 708 187 708 171 704 154 692 142 675 129 663 125 646 125Z\"><\/path><\/svg>\t\t\t\t\t<\/div>\n\t\t\t\t\t<div class=\"elementor-swiper-button elementor-swiper-button-next\" role=\"button\" tabindex=\"0\">\n\t\t\t\t\t\t<svg aria-hidden=\"true\" class=\"e-font-icon-svg e-eicon-chevron-right\" viewBox=\"0 0 1000 1000\" xmlns=\"http:\/\/www.w3.org\/2000\/svg\"><path d=\"M696 533C708 521 713 504 713 487 713 471 708 454 696 446L400 146C388 133 375 125 354 125 338 125 325 129 313 142 300 154 292 171 292 187 292 204 296 221 308 233L563 492 304 771C292 783 288 800 288 817 288 833 296 850 308 863 321 871 338 875 354 875 371 875 388 867 400 854L696 533Z\"><\/path><\/svg>\t\t\t\t\t<\/div>\n\t\t\t\t\n\t\t\t\t\t\t\t\t\t<div class=\"swiper-pagination\"><\/div>\n\t\t\t\t\t\t\t\t\t<\/div>\n\t\t\t\t\t\t<\/div>\n\t\t\t\t<\/div>\n\t\t\t\t\t<\/div>\n\t\t\t\t<\/div>\n\t\t\t\t<\/div>\n\t\t","protected":false},"excerpt":{"rendered":"<p>Desayunos Para empezar el d\u00eda con el mejor capricho Bebidas Calientes y Fr\u00edas Caf\u00e9 o Infusi\u00f3n1,80\u20ac Cola Cao2\u20ac Refrescos y Batidos3\u20ac Zumos (Melocot\u00f3n, pi\u00f1a, naranja, tomate)3\u20ac Zumo de Naranja Natural 25cl3\u20ac Combos de Ma\u00f1ana Caf\u00e9\/Infusi\u00f3n + Boller\u00eda del d\u00eda3,5\u20ac Caf\u00e9\/Infusi\u00f3n + Croissant a la plancha3,5\u20ac Caf\u00e9\/Infusi\u00f3n + Tostada (Aceite, tomate o mermelada)3,5\u20ac \/ 4,5\u20ac Caf\u00e9\/Infusi\u00f3n [&hellip;]<\/p>\n","protected":false},"author":1,"featured_media":0,"parent":0,"menu_order":0,"comment_status":"closed","ping_status":"closed","template":"","meta":{"footnotes":""},"class_list":["post-322","page","type-page","status-publish","hentry"],"yoast_head":"<!-- This site is optimized with the Yoast SEO plugin v26.9 - https:\/\/yoast.com\/product\/yoast-seo-wordpress\/ -->\n<title>Desayunos - El Capricho del \u00c1lamo<\/title>\n<meta name=\"robots\" content=\"index, follow, max-snippet:-1, max-image-preview:large, max-video-preview:-1\" \/>\n<link rel=\"canonical\" href=\"https:\/\/www.elcaprichodelalamo.com\/index.php\/desayunos\/\" \/>\n<meta property=\"og:locale\" content=\"es_ES\" \/>\n<meta property=\"og:type\" content=\"article\" \/>\n<meta property=\"og:title\" content=\"Desayunos - El Capricho del \u00c1lamo\" \/>\n<meta property=\"og:description\" content=\"Desayunos Para empezar el d\u00eda con el mejor capricho Bebidas Calientes y Fr\u00edas Caf\u00e9 o Infusi\u00f3n1,80\u20ac Cola Cao2\u20ac Refrescos y Batidos3\u20ac Zumos (Melocot\u00f3n, pi\u00f1a, naranja, tomate)3\u20ac Zumo de Naranja Natural 25cl3\u20ac Combos de Ma\u00f1ana Caf\u00e9\/Infusi\u00f3n + Boller\u00eda del d\u00eda3,5\u20ac Caf\u00e9\/Infusi\u00f3n + Croissant a la plancha3,5\u20ac Caf\u00e9\/Infusi\u00f3n + Tostada (Aceite, tomate o mermelada)3,5\u20ac \/ 4,5\u20ac Caf\u00e9\/Infusi\u00f3n [&hellip;]\" \/>\n<meta property=\"og:url\" content=\"https:\/\/www.elcaprichodelalamo.com\/index.php\/desayunos\/\" \/>\n<meta property=\"og:site_name\" content=\"El Capricho del \u00c1lamo\" \/>\n<meta property=\"article:modified_time\" content=\"2026-02-24T08:10:29+00:00\" \/>\n<meta property=\"og:image\" content=\"https:\/\/www.elcaprichodelalamo.com\/wp-content\/uploads\/elementor\/thumbs\/IMG_4642-rjfhaa9e7k3nrlpkkeroggx1gls09dforuai784rb4.jpeg\" \/>\n<meta name=\"twitter:card\" content=\"summary_large_image\" \/>\n<meta name=\"twitter:label1\" content=\"Tiempo de lectura\" \/>\n\t<meta name=\"twitter:data1\" content=\"2 minutos\" \/>\n<script type=\"application\/ld+json\" class=\"yoast-schema-graph\">{\"@context\":\"https:\/\/schema.org\",\"@graph\":[{\"@type\":\"WebPage\",\"@id\":\"https:\/\/www.elcaprichodelalamo.com\/index.php\/desayunos\/\",\"url\":\"https:\/\/www.elcaprichodelalamo.com\/index.php\/desayunos\/\",\"name\":\"Desayunos - El Capricho del \u00c1lamo\",\"isPartOf\":{\"@id\":\"https:\/\/www.elcaprichodelalamo.com\/#website\"},\"primaryImageOfPage\":{\"@id\":\"https:\/\/www.elcaprichodelalamo.com\/index.php\/desayunos\/#primaryimage\"},\"image\":{\"@id\":\"https:\/\/www.elcaprichodelalamo.com\/index.php\/desayunos\/#primaryimage\"},\"thumbnailUrl\":\"https:\/\/www.elcaprichodelalamo.com\/wp-content\/uploads\/elementor\/thumbs\/IMG_4642-rjfhaa9e7k3nrlpkkeroggx1gls09dforuai784rb4.jpeg\",\"datePublished\":\"2024-07-22T09:18:34+00:00\",\"dateModified\":\"2026-02-24T08:10:29+00:00\",\"breadcrumb\":{\"@id\":\"https:\/\/www.elcaprichodelalamo.com\/index.php\/desayunos\/#breadcrumb\"},\"inLanguage\":\"es\",\"potentialAction\":[{\"@type\":\"ReadAction\",\"target\":[\"https:\/\/www.elcaprichodelalamo.com\/index.php\/desayunos\/\"]}]},{\"@type\":\"ImageObject\",\"inLanguage\":\"es\",\"@id\":\"https:\/\/www.elcaprichodelalamo.com\/index.php\/desayunos\/#primaryimage\",\"url\":\"https:\/\/www.elcaprichodelalamo.com\/wp-content\/uploads\/elementor\/thumbs\/IMG_4642-rjfhaa9e7k3nrlpkkeroggx1gls09dforuai784rb4.jpeg\",\"contentUrl\":\"https:\/\/www.elcaprichodelalamo.com\/wp-content\/uploads\/elementor\/thumbs\/IMG_4642-rjfhaa9e7k3nrlpkkeroggx1gls09dforuai784rb4.jpeg\"},{\"@type\":\"BreadcrumbList\",\"@id\":\"https:\/\/www.elcaprichodelalamo.com\/index.php\/desayunos\/#breadcrumb\",\"itemListElement\":[{\"@type\":\"ListItem\",\"position\":1,\"name\":\"Portada\",\"item\":\"https:\/\/www.elcaprichodelalamo.com\/\"},{\"@type\":\"ListItem\",\"position\":2,\"name\":\"Desayunos\"}]},{\"@type\":\"WebSite\",\"@id\":\"https:\/\/www.elcaprichodelalamo.com\/#website\",\"url\":\"https:\/\/www.elcaprichodelalamo.com\/\",\"name\":\"El Capricho del \u00c1lamo\",\"description\":\"Tu sitio favorito sin salir de El \u00c1lamo. Comida casera para todos los gustos. Terraza y carpa con calefaccion y nebulizadores\",\"publisher\":{\"@id\":\"https:\/\/www.elcaprichodelalamo.com\/#organization\"},\"alternateName\":\"El Capricho\",\"potentialAction\":[{\"@type\":\"SearchAction\",\"target\":{\"@type\":\"EntryPoint\",\"urlTemplate\":\"https:\/\/www.elcaprichodelalamo.com\/?s={search_term_string}\"},\"query-input\":{\"@type\":\"PropertyValueSpecification\",\"valueRequired\":true,\"valueName\":\"search_term_string\"}}],\"inLanguage\":\"es\"},{\"@type\":\"Organization\",\"@id\":\"https:\/\/www.elcaprichodelalamo.com\/#organization\",\"name\":\"El Capricho del \u00c1lamo\",\"url\":\"https:\/\/www.elcaprichodelalamo.com\/\",\"logo\":{\"@type\":\"ImageObject\",\"inLanguage\":\"es\",\"@id\":\"https:\/\/www.elcaprichodelalamo.com\/#\/schema\/logo\/image\/\",\"url\":\"https:\/\/www.elcaprichodelalamo.com\/wp-content\/uploads\/2024\/09\/cropped-LOGO-EL-CAPRICHO-CON-DATOS-AZUL.png\",\"contentUrl\":\"https:\/\/www.elcaprichodelalamo.com\/wp-content\/uploads\/2024\/09\/cropped-LOGO-EL-CAPRICHO-CON-DATOS-AZUL.png\",\"width\":512,\"height\":512,\"caption\":\"El Capricho del \u00c1lamo\"},\"image\":{\"@id\":\"https:\/\/www.elcaprichodelalamo.com\/#\/schema\/logo\/image\/\"},\"sameAs\":[\"https:\/\/www.instagram.com\/elcaprichoalamo\/\"]}]}<\/script>\n<!-- \/ Yoast SEO plugin. -->","yoast_head_json":{"title":"Desayunos - El Capricho del \u00c1lamo","robots":{"index":"index","follow":"follow","max-snippet":"max-snippet:-1","max-image-preview":"max-image-preview:large","max-video-preview":"max-video-preview:-1"},"canonical":"https:\/\/www.elcaprichodelalamo.com\/index.php\/desayunos\/","og_locale":"es_ES","og_type":"article","og_title":"Desayunos - El Capricho del \u00c1lamo","og_description":"Desayunos Para empezar el d\u00eda con el mejor capricho Bebidas Calientes y Fr\u00edas Caf\u00e9 o Infusi\u00f3n1,80\u20ac Cola Cao2\u20ac Refrescos y Batidos3\u20ac Zumos (Melocot\u00f3n, pi\u00f1a, naranja, tomate)3\u20ac Zumo de Naranja Natural 25cl3\u20ac Combos de Ma\u00f1ana Caf\u00e9\/Infusi\u00f3n + Boller\u00eda del d\u00eda3,5\u20ac Caf\u00e9\/Infusi\u00f3n + Croissant a la plancha3,5\u20ac Caf\u00e9\/Infusi\u00f3n + Tostada (Aceite, tomate o mermelada)3,5\u20ac \/ 4,5\u20ac Caf\u00e9\/Infusi\u00f3n [&hellip;]","og_url":"https:\/\/www.elcaprichodelalamo.com\/index.php\/desayunos\/","og_site_name":"El Capricho del \u00c1lamo","article_modified_time":"2026-02-24T08:10:29+00:00","og_image":[{"url":"https:\/\/www.elcaprichodelalamo.com\/wp-content\/uploads\/elementor\/thumbs\/IMG_4642-rjfhaa9e7k3nrlpkkeroggx1gls09dforuai784rb4.jpeg","type":"","width":"","height":""}],"twitter_card":"summary_large_image","twitter_misc":{"Tiempo de lectura":"2 minutos"},"schema":{"@context":"https:\/\/schema.org","@graph":[{"@type":"WebPage","@id":"https:\/\/www.elcaprichodelalamo.com\/index.php\/desayunos\/","url":"https:\/\/www.elcaprichodelalamo.com\/index.php\/desayunos\/","name":"Desayunos - El Capricho del \u00c1lamo","isPartOf":{"@id":"https:\/\/www.elcaprichodelalamo.com\/#website"},"primaryImageOfPage":{"@id":"https:\/\/www.elcaprichodelalamo.com\/index.php\/desayunos\/#primaryimage"},"image":{"@id":"https:\/\/www.elcaprichodelalamo.com\/index.php\/desayunos\/#primaryimage"},"thumbnailUrl":"https:\/\/www.elcaprichodelalamo.com\/wp-content\/uploads\/elementor\/thumbs\/IMG_4642-rjfhaa9e7k3nrlpkkeroggx1gls09dforuai784rb4.jpeg","datePublished":"2024-07-22T09:18:34+00:00","dateModified":"2026-02-24T08:10:29+00:00","breadcrumb":{"@id":"https:\/\/www.elcaprichodelalamo.com\/index.php\/desayunos\/#breadcrumb"},"inLanguage":"es","potentialAction":[{"@type":"ReadAction","target":["https:\/\/www.elcaprichodelalamo.com\/index.php\/desayunos\/"]}]},{"@type":"ImageObject","inLanguage":"es","@id":"https:\/\/www.elcaprichodelalamo.com\/index.php\/desayunos\/#primaryimage","url":"https:\/\/www.elcaprichodelalamo.com\/wp-content\/uploads\/elementor\/thumbs\/IMG_4642-rjfhaa9e7k3nrlpkkeroggx1gls09dforuai784rb4.jpeg","contentUrl":"https:\/\/www.elcaprichodelalamo.com\/wp-content\/uploads\/elementor\/thumbs\/IMG_4642-rjfhaa9e7k3nrlpkkeroggx1gls09dforuai784rb4.jpeg"},{"@type":"BreadcrumbList","@id":"https:\/\/www.elcaprichodelalamo.com\/index.php\/desayunos\/#breadcrumb","itemListElement":[{"@type":"ListItem","position":1,"name":"Portada","item":"https:\/\/www.elcaprichodelalamo.com\/"},{"@type":"ListItem","position":2,"name":"Desayunos"}]},{"@type":"WebSite","@id":"https:\/\/www.elcaprichodelalamo.com\/#website","url":"https:\/\/www.elcaprichodelalamo.com\/","name":"El Capricho del \u00c1lamo","description":"Tu sitio favorito sin salir de El \u00c1lamo. Comida casera para todos los gustos. Terraza y carpa con calefaccion y nebulizadores","publisher":{"@id":"https:\/\/www.elcaprichodelalamo.com\/#organization"},"alternateName":"El Capricho","potentialAction":[{"@type":"SearchAction","target":{"@type":"EntryPoint","urlTemplate":"https:\/\/www.elcaprichodelalamo.com\/?s={search_term_string}"},"query-input":{"@type":"PropertyValueSpecification","valueRequired":true,"valueName":"search_term_string"}}],"inLanguage":"es"},{"@type":"Organization","@id":"https:\/\/www.elcaprichodelalamo.com\/#organization","name":"El Capricho del \u00c1lamo","url":"https:\/\/www.elcaprichodelalamo.com\/","logo":{"@type":"ImageObject","inLanguage":"es","@id":"https:\/\/www.elcaprichodelalamo.com\/#\/schema\/logo\/image\/","url":"https:\/\/www.elcaprichodelalamo.com\/wp-content\/uploads\/2024\/09\/cropped-LOGO-EL-CAPRICHO-CON-DATOS-AZUL.png","contentUrl":"https:\/\/www.elcaprichodelalamo.com\/wp-content\/uploads\/2024\/09\/cropped-LOGO-EL-CAPRICHO-CON-DATOS-AZUL.png","width":512,"height":512,"caption":"El Capricho del \u00c1lamo"},"image":{"@id":"https:\/\/www.elcaprichodelalamo.com\/#\/schema\/logo\/image\/"},"sameAs":["https:\/\/www.instagram.com\/elcaprichoalamo\/"]}]}},"_links":{"self":[{"href":"https:\/\/www.elcaprichodelalamo.com\/index.php\/wp-json\/wp\/v2\/pages\/322","targetHints":{"allow":["GET"]}}],"collection":[{"href":"https:\/\/www.elcaprichodelalamo.com\/index.php\/wp-json\/wp\/v2\/pages"}],"about":[{"href":"https:\/\/www.elcaprichodelalamo.com\/index.php\/wp-json\/wp\/v2\/types\/page"}],"author":[{"embeddable":true,"href":"https:\/\/www.elcaprichodelalamo.com\/index.php\/wp-json\/wp\/v2\/users\/1"}],"replies":[{"embeddable":true,"href":"https:\/\/www.elcaprichodelalamo.com\/index.php\/wp-json\/wp\/v2\/comments?post=322"}],"version-history":[{"count":94,"href":"https:\/\/www.elcaprichodelalamo.com\/index.php\/wp-json\/wp\/v2\/pages\/322\/revisions"}],"predecessor-version":[{"id":1320,"href":"https:\/\/www.elcaprichodelalamo.com\/index.php\/wp-json\/wp\/v2\/pages\/322\/revisions\/1320"}],"wp:attachment":[{"href":"https:\/\/www.elcaprichodelalamo.com\/index.php\/wp-json\/wp\/v2\/media?parent=322"}],"curies":[{"name":"wp","href":"https:\/\/api.w.org\/{rel}","templated":true}]}}